 {"id":189,"date":"2022-09-28T11:09:18","date_gmt":"2022-09-28T11:09:18","guid":{"rendered":"http:\/\/fivta.net\/?post_type=product&#038;p=189"},"modified":"2022-09-28T22:33:10","modified_gmt":"2022-09-28T22:33:10","slug":"sebastien-flute-branches-evo","status":"publish","type":"product","link":"https:\/\/fivta.net\/?product=sebastien-flute-branches-evo","title":{"rendered":"S\u00e9bastien Flute Branches EVO"},"content":{"rendered":"<div class=\"contenu_editeur\">\n<p>Branches pour arc classique.<\/p>\n<p>Branches avec un coeur en bois combin\u00e9 avec des fibres et du carbone<\/p>\n<p>&nbsp;<\/p>\n<ul>\n<li>Syst\u00e8me de fixation ILF,<\/li>\n<li>Puissances disponibles de 26# \u00e0 44#,<\/li>\n<li>Tailles disponibles : Short (SH &#8211; 66&Prime;), Medium (MD &#8211; 68&Prime;), Long (LG &#8211; 70&Prime;) &#8211; Pour une poign\u00e9e de 25&Prime;,<\/li>\n<li>Bois, Fibre et carbone.<\/li>\n<\/ul>\n<\/div>\n","protected":false},"excerpt":{"rendered":"<p>Branches pour arc classique. Branches avec un coeur en bois combin\u00e9 avec des fibres et du carbone &nbsp; Syst\u00e8me de fixation ILF, Puissances disponibles de 26# \u00e0 44#, Tailles disponibles : Short (SH &#8211; 66&Prime;), Medium (MD &#8211; 68&Prime;), Long (LG &#8211; 70&Prime;) &#8211; Pour une poign\u00e9e de 25&Prime;, Bois, Fibre et carbone.<\/p>\n","protected":false},"featured_media":190,"template":"","meta":[],"product_brand":[],"product_cat":[18],"product_tag":[],"class_list":{"0":"post-189","1":"product","2":"type-product","3":"status-publish","4":"has-post-thumbnail","6":"product_cat-non-classe","8":"first","9":"instock","10":"shipping-taxable","11":"product-type-simple"},"_links":{"self":[{"href":"https:\/\/fivta.net\/index.php?rest_route=\/wp\/v2\/product\/189","targetHints":{"allow":["GET"]}}],"collection":[{"href":"https:\/\/fivta.net\/index.php?rest_route=\/wp\/v2\/product"}],"about":[{"href":"https:\/\/fivta.net\/index.php?rest_route=\/wp\/v2\/types\/product"}],"wp:featuredmedia":[{"embeddable":true,"href":"https:\/\/fivta.net\/index.php?rest_route=\/wp\/v2\/media\/190"}],"wp:attachment":[{"href":"https:\/\/fivta.net\/index.php?rest_route=%2Fwp%2Fv2%2Fmedia&parent=189"}],"wp:term":[{"taxonomy":"product_brand","embeddable":true,"href":"https:\/\/fivta.net\/index.php?rest_route=%2Fwp%2Fv2%2Fproduct_brand&post=189"},{"taxonomy":"product_cat","embeddable":true,"href":"https:\/\/fivta.net\/index.php?rest_route=%2Fwp%2Fv2%2Fproduct_cat&post=189"},{"taxonomy":"product_tag","embeddable":true,"href":"https:\/\/fivta.net\/index.php?rest_route=%2Fwp%2Fv2%2Fproduct_tag&post=189"}],"curies":[{"name":"wp","href":"https:\/\/api.w.org\/{rel}","templated":true}]}}