 {"id":187,"date":"2022-09-28T11:05:24","date_gmt":"2022-09-28T11:05:24","guid":{"rendered":"http:\/\/fivta.net\/?post_type=product&#038;p=187"},"modified":"2022-09-28T22:32:47","modified_gmt":"2022-09-28T22:32:47","slug":"sure-loc-viseur-carbonite","status":"publish","type":"product","link":"https:\/\/fivta.net\/?product=sure-loc-viseur-carbonite","title":{"rendered":"Sure Loc Viseur Carbonite"},"content":{"rendered":"<div class=\"contenu_editeur\">\n<p><a class=\"linking\" title=\"Viseur\" href=\"https:\/\/www.francearcherie.com\/accessoires-pour-larc-viseurs-de-cible-xsl-889_894_915_954.html\" rel=\"nofollow\">Viseur<\/a>\u2009compound.<\/p>\n<ul>\n<li>Extension carbone 6&Prime;,<\/li>\n<li>Barre de r\u00e9glage 4&Prime;,<\/li>\n<li>0.002&Prime; d&rsquo;ajustement,<\/li>\n<li>Micro-ajustement sur le 2\u00e8me et 3\u00e8me,<\/li>\n<li>R\u00e9glage rapide,<\/li>\n<li>Absence de jeu dans les r\u00e9glages,<\/li>\n<li>Marquage laser,<\/li>\n<li>Poids 9.2oz,<\/li>\n<li>Corps de scope et\u2009<a class=\"linking\" title=\"lentille\" href=\"https:\/\/www.francearcherie.com\/accessoires-pour-larc-accessoires-pour-scope-xsl-889_894_915_925.html\">lentille<\/a>\u2009vendus s\u00e9parement.<\/li>\n<\/ul>\n<\/div>\n","protected":false},"excerpt":{"rendered":"<p>Viseur\u2009compound. Extension carbone 6&Prime;, Barre de r\u00e9glage 4&Prime;, 0.002&Prime; d&rsquo;ajustement, Micro-ajustement sur le 2\u00e8me et 3\u00e8me, R\u00e9glage rapide, Absence de jeu dans les r\u00e9glages, Marquage laser, Poids 9.2oz, Corps de scope et\u2009lentille\u2009vendus s\u00e9parement.<\/p>\n","protected":false},"featured_media":188,"template":"","meta":[],"product_brand":[],"product_cat":[18],"product_tag":[],"class_list":{"0":"post-187","1":"product","2":"type-product","3":"status-publish","4":"has-post-thumbnail","6":"product_cat-non-classe","8":"first","9":"instock","10":"shipping-taxable","11":"product-type-simple"},"_links":{"self":[{"href":"https:\/\/fivta.net\/index.php?rest_route=\/wp\/v2\/product\/187","targetHints":{"allow":["GET"]}}],"collection":[{"href":"https:\/\/fivta.net\/index.php?rest_route=\/wp\/v2\/product"}],"about":[{"href":"https:\/\/fivta.net\/index.php?rest_route=\/wp\/v2\/types\/product"}],"wp:featuredmedia":[{"embeddable":true,"href":"https:\/\/fivta.net\/index.php?rest_route=\/wp\/v2\/media\/188"}],"wp:attachment":[{"href":"https:\/\/fivta.net\/index.php?rest_route=%2Fwp%2Fv2%2Fmedia&parent=187"}],"wp:term":[{"taxonomy":"product_brand","embeddable":true,"href":"https:\/\/fivta.net\/index.php?rest_route=%2Fwp%2Fv2%2Fproduct_brand&post=187"},{"taxonomy":"product_cat","embeddable":true,"href":"https:\/\/fivta.net\/index.php?rest_route=%2Fwp%2Fv2%2Fproduct_cat&post=187"},{"taxonomy":"product_tag","embeddable":true,"href":"https:\/\/fivta.net\/index.php?rest_route=%2Fwp%2Fv2%2Fproduct_tag&post=187"}],"curies":[{"name":"wp","href":"https:\/\/api.w.org\/{rel}","templated":true}]}}