 {"id":183,"date":"2022-09-28T10:59:18","date_gmt":"2022-09-28T10:59:18","guid":{"rendered":"http:\/\/fivta.net\/?post_type=product&#038;p=183"},"modified":"2022-09-28T22:32:20","modified_gmt":"2022-09-28T22:32:20","slug":"aurora-sac-a-dos-techno","status":"publish","type":"product","link":"https:\/\/fivta.net\/?product=aurora-sac-a-dos-techno","title":{"rendered":"Aurora Sac \u00e0 dos Techno"},"content":{"rendered":"<p>Sac \u00e0 dos pour arc Recurve.<\/p>\n<ul>\n<li>Spacieux et fonctionnel,<\/li>\n<li>Nombreuses poches int\u00e9rieures pour les accessoires,<\/li>\n<li>Structure rembourr\u00e9e,<\/li>\n<li>Housses pour la poign\u00e9e et les branches de votre arc,<\/li>\n<li>Tube \u00e0 fl\u00e8ches inclus,<\/li>\n<li>Poche frontale,<\/li>\n<li>Bretelles pour le transport,<\/li>\n<li>Ceinture ventrale avec poche (dont une pour port USB),<\/li>\n<li>Dimensions : 72x32x22cm<\/li>\n<li>Poids : 2.4kg.<\/li>\n<\/ul>\n","protected":false},"excerpt":{"rendered":"<p>Sac \u00e0 dos pour arc Recurve. Spacieux et fonctionnel, Nombreuses poches int\u00e9rieures pour les accessoires, Structure rembourr\u00e9e, Housses pour la poign\u00e9e et les branches de votre arc, Tube \u00e0 fl\u00e8ches inclus, Poche frontale, Bretelles pour le transport, Ceinture ventrale avec poche (dont une pour port USB), Dimensions : 72x32x22cm Poids : 2.4kg.<\/p>\n","protected":false},"featured_media":184,"template":"","meta":[],"product_brand":[],"product_cat":[18],"product_tag":[],"class_list":{"0":"post-183","1":"product","2":"type-product","3":"status-publish","4":"has-post-thumbnail","6":"product_cat-non-classe","8":"first","9":"instock","10":"shipping-taxable","11":"product-type-simple"},"_links":{"self":[{"href":"https:\/\/fivta.net\/index.php?rest_route=\/wp\/v2\/product\/183","targetHints":{"allow":["GET"]}}],"collection":[{"href":"https:\/\/fivta.net\/index.php?rest_route=\/wp\/v2\/product"}],"about":[{"href":"https:\/\/fivta.net\/index.php?rest_route=\/wp\/v2\/types\/product"}],"wp:featuredmedia":[{"embeddable":true,"href":"https:\/\/fivta.net\/index.php?rest_route=\/wp\/v2\/media\/184"}],"wp:attachment":[{"href":"https:\/\/fivta.net\/index.php?rest_route=%2Fwp%2Fv2%2Fmedia&parent=183"}],"wp:term":[{"taxonomy":"product_brand","embeddable":true,"href":"https:\/\/fivta.net\/index.php?rest_route=%2Fwp%2Fv2%2Fproduct_brand&post=183"},{"taxonomy":"product_cat","embeddable":true,"href":"https:\/\/fivta.net\/index.php?rest_route=%2Fwp%2Fv2%2Fproduct_cat&post=183"},{"taxonomy":"product_tag","embeddable":true,"href":"https:\/\/fivta.net\/index.php?rest_route=%2Fwp%2Fv2%2Fproduct_tag&post=183"}],"curies":[{"name":"wp","href":"https:\/\/api.w.org\/{rel}","templated":true}]}}