 {"id":46,"date":"2022-09-03T17:58:04","date_gmt":"2022-09-03T17:58:04","guid":{"rendered":"http:\/\/fivta.net\/?page_id=46"},"modified":"2022-09-29T11:21:25","modified_gmt":"2022-09-29T11:21:25","slug":"saffilier-et-adherer","status":"publish","type":"page","link":"https:\/\/fivta.net\/?page_id=46","title":{"rendered":"S&rsquo;affilier et adh\u00e9rer"},"content":{"rendered":"\n<p>Toute association sportive ou club sportif l\u00e9galement constitu\u00e9 sur le territoire national ivoirien et pratiquant du tir \u00e0 l&rsquo;arc peut s&rsquo;affilier \u00e0 la F\u00e9d\u00e9ration Ivoirienne de Tir \u00e0 l&rsquo;Arc (FIVTA).<br><br>Les documents \u00e0 fournir pour l&rsquo;affiliation des associations sportives et clubs sportifs (amateurs ou professionnels) sont les m\u00eames. Par contre, les droits d&rsquo;affiliation et les cotisations annuelles sont fonctions du nombre de membres de l&rsquo;association. <\/p>\n\n\n\n<p><img loading=\"lazy\" decoding=\"async\" src=\"http:\/\/www.fivta.net\/include\/pdf9.png\" width=\"52\" height=\"50\"><a href=\"http:\/\/www.fivta.net\/apropos\/FORMULAIRE_ADHESION_CLUBS_ASSOCIATION_FIVTA.pdf\">Formulaire d&rsquo;adh\u00e9sion&nbsp;des clubs et associations<\/a><br><br>Taille : <strong>211<\/strong> Kb <\/p>\n\n\n\n<p>Les informations et pi\u00e8ces \u00e0 fournir pour s&rsquo;affilier \u00e0 la FIVTA sont les suivants :<\/p>\n\n\n\n<ul class=\"wp-block-list\"><li>Informations sur l&rsquo;association ou club (Nom, date de cr\u00e9ation, num\u00e9ro du r\u00e9c\u00e9piss\u00e9 de d\u00e9p\u00f4t de la Pr\u00e9fecture ou r\u00e9c\u00e9piss\u00e9 du Minist\u00e8re de l&rsquo;Int\u00e9rieur ou Agr\u00e9ment du Minist\u00e8re de l&rsquo;int\u00e9rieur, Agr\u00e9ment du Minist\u00e8re des Sports et Loisirs, Proc\u00e8s verbal de l&rsquo;Assembl\u00e9e G\u00e9n\u00e9rale Constitutive + liste des membres fondateurs + liste de pr\u00e9sence \u00e0 l&rsquo;AG, R\u00e9gion d&rsquo;origine, D\u00e9partement, Sous\/Pr\u00e9fecture et commune, Adresse g\u00e9ographique du bureau, Adresse postale, T\u00e9l\u00e9phone fixe, T\u00e9l\u00e9phone portable, Fax, Email, Site internet, Lieu d&rsquo;entra\u00eenement) ;<\/li><li>Informations sur les dirigeants (Nom et pr\u00e9noms, fonctions dans l&rsquo;association ou club, adresse postale, contacts t\u00e9l\u00e9phoniques et emails) ;<br><br><\/li><li>Informations sur l&rsquo;encadrement technique, m\u00e9dical et les juges (Nom et pr\u00e9noms, fonctions dans l&rsquo;association et niveau, adresse postale, contacts t\u00e9l\u00e9phoniques et emails) ;<br><br><\/li><li>Informations sur les athl\u00e8tes (Nom et pr\u00e9noms, date de naissance, date de d\u00e9but du tir \u00e0 l&rsquo;arc, niveau de comp\u00e9tition \u2026).<\/li><\/ul>\n\n\n\n<p><strong>Souscrire \u00e0 une licence<\/strong><\/p>\n\n\n\n<div class=\"wp-block-buttons is-layout-flex wp-block-buttons-is-layout-flex\">\n<div class=\"wp-block-button aligncenter is-style-fill\"><a class=\"wp-block-button__link\" href=\"https:\/\/fivta.net\/?product=licence-sportive\">Demande de licence<\/a><\/div>\n<\/div>\n\n\n\n<p><br><br><\/p>\n\n\n\n<p>Les associations sportives et clubs affili\u00e9s \u00e0 la FIVTA peuvent souscrire \u00e0 la licence de leurs athl\u00e8tes au plus tard le 28 f\u00e9vrier de chaque ann\u00e9e.<br><br>La FIVTA propose deux (02) types de licences :<\/p>\n\n\n\n<ul class=\"wp-block-list\"><li>La licence de type A pour les athl\u00e8tes confirm\u00e9s, ceux participant \u00e0 des comp\u00e9titions nationales et internationales.<\/li><li>La licence de type D pour les athl\u00e8tes d\u00e9butants non confirm\u00e9s, ceux qui sont \u00e0 la d\u00e9couverte du tir \u00e0 l&rsquo;arc.<\/li><\/ul>\n\n\n\n<p>La FIVTA a huit (08) cat\u00e9gories d&rsquo;athl\u00e8tes :<\/p>\n\n\n\n<ul class=\"wp-block-list\"><li>Les adultes Super-V\u00e9t\u00e9rans (SV) \u00e2g\u00e9s de soixante (60) ans et plus.<br><br><\/li><li>Les adultes V\u00e9t\u00e9rans (V) \u00e2g\u00e9s de cinquante \u00e0 cinquante et neuf (50 &#8211; 59) ans.<br><br><\/li><li>Les adultes S\u00e9niors (S) \u00e2g\u00e9s de vingt et un \u00e0 quarante et neuf (21- 49) ans.<br><br><\/li><li>Les jeunes Juniors (J) \u00e2g\u00e9s de dix huit \u00e0 vingt (18 \u2013 20) ans.<br><br><\/li><li>Les jeunes Cadets (C) \u00e2g\u00e9s de quinze \u00e0 dix sept (15 \u2013 17) ans.<br><br><\/li><li>Les jeunes Minimes (M) \u00e2g\u00e9s de treize \u00e0 quatorze (13 \u2013 14) ans.<br><br><\/li><li>Les jeunes Benjamins (B) \u00e2g\u00e9s de onze \u00e0 douze (11 \u2013 12) ans.<br><br><\/li><li>Les jeunes Poussins (P) \u00e2g\u00e9s de moins de onze (11) ans.<\/li><\/ul>\n","protected":false},"excerpt":{"rendered":"<p>Toute association sportive ou club sportif l\u00e9galement constitu\u00e9 sur le territoire national ivoirien et pratiquant du tir \u00e0 l&rsquo;arc peut s&rsquo;affilier \u00e0 la F\u00e9d\u00e9ration Ivoirienne de Tir \u00e0 l&rsquo;Arc (FIVTA). Les documents \u00e0 fournir pour l&rsquo;affiliation des associations sportives et clubs sportifs (amateurs ou professionnels) sont les m\u00eames. Par contre, les droits d&rsquo;affiliation et les [&hellip;]<\/p>\n","protected":false},"author":1,"featured_media":0,"parent":0,"menu_order":0,"comment_status":"closed","ping_status":"closed","template":"","meta":{"footnotes":""},"class_list":["post-46","page","type-page","status-publish","hentry"],"_links":{"self":[{"href":"https:\/\/fivta.net\/index.php?rest_route=\/wp\/v2\/pages\/46","targetHints":{"allow":["GET"]}}],"collection":[{"href":"https:\/\/fivta.net\/index.php?rest_route=\/wp\/v2\/pages"}],"about":[{"href":"https:\/\/fivta.net\/index.php?rest_route=\/wp\/v2\/types\/page"}],"author":[{"embeddable":true,"href":"https:\/\/fivta.net\/index.php?rest_route=\/wp\/v2\/users\/1"}],"replies":[{"embeddable":true,"href":"https:\/\/fivta.net\/index.php?rest_route=%2Fwp%2Fv2%2Fcomments&post=46"}],"version-history":[{"count":7,"href":"https:\/\/fivta.net\/index.php?rest_route=\/wp\/v2\/pages\/46\/revisions"}],"predecessor-version":[{"id":246,"href":"https:\/\/fivta.net\/index.php?rest_route=\/wp\/v2\/pages\/46\/revisions\/246"}],"wp:attachment":[{"href":"https:\/\/fivta.net\/index.php?rest_route=%2Fwp%2Fv2%2Fmedia&parent=46"}],"curies":[{"name":"wp","href":"https:\/\/api.w.org\/{rel}","templated":true}]}}