 {"id":44,"date":"2022-09-03T17:58:04","date_gmt":"2022-09-03T17:58:04","guid":{"rendered":"http:\/\/fivta.net\/?page_id=44"},"modified":"2022-09-03T23:43:18","modified_gmt":"2022-09-03T23:43:18","slug":"missions-objectifs","status":"publish","type":"page","link":"https:\/\/fivta.net\/?page_id=44","title":{"rendered":"Missions &#038; objectifs"},"content":{"rendered":"\n<p>Plusieurs constats ont pr\u00e9sid\u00e9 \u00e0 la cr\u00e9ation de la F.IV.T.A. (F\u00e9d\u00e9ration Ivoirienne de Tir \u00e0 l&rsquo;Arc). Nous pourrions citer entre autre :<\/p>\n\n\n\n<ul class=\"wp-block-list\"><li>L&rsquo;existence du Tir \u00e0 l&rsquo;Arc en C\u00f4te d&rsquo;Ivoire depuis 1986.<br><\/li><li>La pratique du Tir \u00e0 l&rsquo;Arc (version World Archery Federation) par des groupes isol\u00e9s.<br><\/li><li>Le besoin latent pour certaines personnes de pouvoir pratiquer un sport adapt\u00e9 \u00e0 leurs activit\u00e9s professionnelles ou \u00e0 leur \u00e2ge.<br><\/li><li>Le nombre grandissant des jeunes qui t\u00e9moignent d&rsquo;un int\u00e9r\u00eat certain pour ce sport dans les villes de C\u00f4te d&rsquo;Ivoire d\u00e9j\u00e0 visit\u00e9es.<br><\/li><li>Le tir \u00e0 l&rsquo;arc, discipline olympique depuis plusieurs ann\u00e9es.<\/li><\/ul>\n\n\n\n<p>C&rsquo;est donc la prise en compte de toutes ces pr\u00e9occupations qui a favoris\u00e9 la cr\u00e9ation de la F\u00e9d\u00e9ration Ivoirienne de Tir \u00e0 l&rsquo;arc (FIVTA) le 24 avril 1999.<br><br>Elle est r\u00e9gie par la loi n\u00b0 60-315 du 21 septembre 1960, relative aux associations et le d\u00e9cret n\u00b0 68-146 du 13 mars 1968, portant organisation des sports civils.<br><br>Elle a en sa possession le r\u00e9c\u00e9piss\u00e9 de d\u00e9p\u00f4t n\u00b0 300 du 29\/06\/1999.<br><br><strong>Missions<\/strong><br><br>La F.IV.T.A. a pour mission :<\/p>\n\n\n\n<ul class=\"wp-block-list\"><li>De rassembler tous les clubs et pratiquants de Tir \u00e0 l&rsquo;Arc en C\u00f4te d&rsquo;Ivoire en coordonnant leurs activit\u00e9s sportives et de loisirs dans un cadre r\u00e9glementaire et juridique unique conform\u00e9ment au r\u00e8glement en vigueur \u00e0 la World Archery Federation (F\u00e9d\u00e9ration Internationale de Tir \u00e0 l&rsquo;Arc \u2013 FITA) et la loi ivoirienne.<br><\/li><li>De favoriser et de d\u00e9velopper la pratique du Tir \u00e0 l&rsquo;Arc sous toutes ses formes en C\u00f4te d&rsquo;Ivoire et en Afrique.<br><\/li><li>De cr\u00e9er et de d\u00e9velopper toutes relations utiles avec les autres f\u00e9d\u00e9rations affili\u00e9es \u00e0 la World Archery Federation (F\u00e9d\u00e9ration Internationale de Tir \u00e0 l&rsquo;Arc \u2013 FITA) et les pouvoirs publics ivoiriens.<br><\/li><li>D&rsquo;organiser les comp\u00e9titions, les championnats et tournois nationaux ou r\u00e9gionaux et d&rsquo;organiser la participation des archers ivoiriens \u00e0 des comp\u00e9titions, championnats et tournois internationaux ou mondiaux.<\/li><\/ul>\n\n\n\n<p>Pour ce faire, la F.IV.T.A. s&rsquo;est fix\u00e9e un certain nombre d&rsquo;objectifs.<br><br><strong>Objectifs<\/strong><br><br>Au nombre de ses objectifs primordiaux, la F.IV.T.A. Entend :<\/p>\n\n\n\n<ul class=\"wp-block-list\"><li>Assurer la promotion du Tir \u00e0 l&rsquo;Arc dans la soci\u00e9t\u00e9 civile et militaire, dans les universit\u00e9s, les lyc\u00e9es et les coll\u00e8ges et les entreprises.<br><\/li><li>Mettre en place une politique g\u00e9n\u00e9rale de pratique de cette discipline sportive et en assurer la coordination au plan national.<br><\/li><li>Organiser chaque ann\u00e9e \u00e0 des p\u00e9riodes r\u00e9guli\u00e8res, un championnat national de Tir \u00e0 l&rsquo;Arc dans les trois (3) disciplines de tir \u00e0 l&rsquo;arc \u00e0 savoir : le tir \u00e0 l&rsquo;arc sur cible en plein air, le tir en salle et le tir 3D, un championnat sous r\u00e9gional de tir \u00e0 l&rsquo;arc, des comp\u00e9titions et tournois nationaux, sous-r\u00e9gionaux, continentaux ou internationaux.<br><\/li><li>Former et recruter des athl\u00e8tes capables de repr\u00e9senter la C\u00f4te d&rsquo;Ivoire aux comp\u00e9titions sous-r\u00e9gionales, continentales, mondiales et olympiques.<\/li><\/ul>\n","protected":false},"excerpt":{"rendered":"<p>Plusieurs constats ont pr\u00e9sid\u00e9 \u00e0 la cr\u00e9ation de la F.IV.T.A. (F\u00e9d\u00e9ration Ivoirienne de Tir \u00e0 l&rsquo;Arc). Nous pourrions citer entre autre : L&rsquo;existence du Tir \u00e0 l&rsquo;Arc en C\u00f4te d&rsquo;Ivoire depuis 1986. La pratique du Tir \u00e0 l&rsquo;Arc (version World Archery Federation) par des groupes isol\u00e9s. Le besoin latent pour certaines personnes de pouvoir pratiquer [&hellip;]<\/p>\n","protected":false},"author":1,"featured_media":0,"parent":0,"menu_order":0,"comment_status":"closed","ping_status":"closed","template":"","meta":{"footnotes":""},"class_list":["post-44","page","type-page","status-publish","hentry"],"_links":{"self":[{"href":"https:\/\/fivta.net\/index.php?rest_route=\/wp\/v2\/pages\/44","targetHints":{"allow":["GET"]}}],"collection":[{"href":"https:\/\/fivta.net\/index.php?rest_route=\/wp\/v2\/pages"}],"about":[{"href":"https:\/\/fivta.net\/index.php?rest_route=\/wp\/v2\/types\/page"}],"author":[{"embeddable":true,"href":"https:\/\/fivta.net\/index.php?rest_route=\/wp\/v2\/users\/1"}],"replies":[{"embeddable":true,"href":"https:\/\/fivta.net\/index.php?rest_route=%2Fwp%2Fv2%2Fcomments&post=44"}],"version-history":[{"count":2,"href":"https:\/\/fivta.net\/index.php?rest_route=\/wp\/v2\/pages\/44\/revisions"}],"predecessor-version":[{"id":62,"href":"https:\/\/fivta.net\/index.php?rest_route=\/wp\/v2\/pages\/44\/revisions\/62"}],"wp:attachment":[{"href":"https:\/\/fivta.net\/index.php?rest_route=%2Fwp%2Fv2%2Fmedia&parent=44"}],"curies":[{"name":"wp","href":"https:\/\/api.w.org\/{rel}","templated":true}]}}