 {"id":31,"date":"2022-09-03T17:54:11","date_gmt":"2022-09-03T17:54:11","guid":{"rendered":"http:\/\/fivta.net\/?page_id=31"},"modified":"2023-02-26T01:48:18","modified_gmt":"2023-02-26T01:48:18","slug":"contact","status":"publish","type":"page","link":"https:\/\/fivta.net\/?page_id=31","title":{"rendered":"Contact"},"content":{"rendered":"\n<p><strong>F\u00e9d\u00e9ration Ivoirienne de Tir \u00e0 l&rsquo;Arc (FIVTA)<\/strong><\/p>\n\n\n\n<p>Rue du Taureau, Villa 533 GFCI1 &#8211; Abidjan &#8211; Marcory<br>11 BP 28 Abidjan 11 &#8211; C\u00f4te d&rsquo;Ivoire<br>T\u00e9l. \/ Fax : (+225) 27 21 28 18 12<br>E-mail : fivta@hotmail.fr\u00a0\u00a0 &#8211; \u00a0 info@fivta.net &#8211;\u00a0 fivta@fivta.net<br>Site web : www.fivta.net<\/p>\n\n\n\n\n","protected":false},"excerpt":{"rendered":"<p>F\u00e9d\u00e9ration Ivoirienne de Tir \u00e0 l&rsquo;Arc (FIVTA) Rue du Taureau, Villa 533 GFCI1 &#8211; Abidjan &#8211; Marcory11 BP 28 Abidjan 11 &#8211; C\u00f4te d&rsquo;IvoireT\u00e9l. \/ Fax : (+225) 27 21 28 18 12E-mail : fivta@hotmail.fr\u00a0\u00a0 &#8211; \u00a0 info@fivta.net &#8211;\u00a0 fivta@fivta.netSite web : www.fivta.net<\/p>\n","protected":false},"author":1,"featured_media":0,"parent":0,"menu_order":0,"comment_status":"closed","ping_status":"closed","template":"","meta":{"footnotes":""},"class_list":["post-31","page","type-page","status-publish","hentry"],"_links":{"self":[{"href":"https:\/\/fivta.net\/index.php?rest_route=\/wp\/v2\/pages\/31","targetHints":{"allow":["GET"]}}],"collection":[{"href":"https:\/\/fivta.net\/index.php?rest_route=\/wp\/v2\/pages"}],"about":[{"href":"https:\/\/fivta.net\/index.php?rest_route=\/wp\/v2\/types\/page"}],"author":[{"embeddable":true,"href":"https:\/\/fivta.net\/index.php?rest_route=\/wp\/v2\/users\/1"}],"replies":[{"embeddable":true,"href":"https:\/\/fivta.net\/index.php?rest_route=%2Fwp%2Fv2%2Fcomments&post=31"}],"version-history":[{"count":5,"href":"https:\/\/fivta.net\/index.php?rest_route=\/wp\/v2\/pages\/31\/revisions"}],"predecessor-version":[{"id":466,"href":"https:\/\/fivta.net\/index.php?rest_route=\/wp\/v2\/pages\/31\/revisions\/466"}],"wp:attachment":[{"href":"https:\/\/fivta.net\/index.php?rest_route=%2Fwp%2Fv2%2Fmedia&parent=31"}],"curies":[{"name":"wp","href":"https:\/\/api.w.org\/{rel}","templated":true}]}}